{"id":1900,"date":"2016-01-29T10:14:33","date_gmt":"2016-01-29T10:14:33","guid":{"rendered":"https:\/\/the7.io\/beauty-studio\/?page_id=13"},"modified":"2025-09-30T16:59:14","modified_gmt":"2025-09-30T09:59:14","slug":"contact","status":"publish","type":"page","link":"https:\/\/amazoker.com\/en\/contact\/","title":{"rendered":"Contact"},"content":{"rendered":"<div class=\"wpb-content-wrapper\"><p>[vc_row type=&#8221;vc_default&#8221; margin_top=&#8221;0&#8243; margin_bottom=&#8221;-35&#8243; css=&#8221;.vc_custom_1498572765023{margin-top: 70px !important;margin-bottom: 20px !important;}&#8221;][vc_column offset=&#8221;vc_col-lg-6 vc_col-md-7 vc_col-xs-12&#8243; css=&#8221;.vc_custom_1498821716836{padding-bottom: 40px !important;}&#8221;]<div id=\"ultimate-heading-619669d4e6cb8f998\" class=\"uvc-heading ult-adjust-bottom-margin ultimate-heading-619669d4e6cb8f998 uvc-4932 \" data-hspacer=\"no_spacer\"  data-halign=\"left\" style=\"text-align:left\"><div class=\"uvc-heading-spacer no_spacer\" style=\"top\"><\/div><div class=\"uvc-main-heading ult-responsive\"  data-ultimate-target='.uvc-heading.ultimate-heading-619669d4e6cb8f998 h2'  data-responsive-json-new='{\"font-size\":\"desktop:26px;\",\"line-height\":\"desktop:32px;\"}' ><h2 style=\"font-weight:bold;margin-bottom:30px;\">Contact Info<\/h2><\/div><\/div>[vc_row_inner equal_height=&#8221;yes&#8221; css=&#8221;.vc_custom_1498572805259{padding-right: 15px !important;padding-bottom: 10px !important;padding-left: 15px !important;}&#8221;][vc_column_inner width=&#8221;1\/2&#8243; css=&#8221;.vc_custom_1639364619971{margin-top: 0px !important;margin-right: 0px !important;margin-bottom: 0px !important;margin-left: 0px !important;padding-top: 0px !important;padding-right: 10px !important;padding-bottom: 20px !important;padding-left: 10px !important;}&#8221; offset=&#8221;vc_col-lg-12 vc_col-md-11&#8243;]<div class=\"aio-icon-component  vc_custom_1753950387995  accent-icon-bg color-title style_1\"><div id=\"Info-box-wrap-7568\" class=\"aio-icon-box left-icon\" style=\"\"  ><div class=\"aio-icon-left\"><div class=\"ult-just-icon-wrapper  \"><div class=\"align-icon\" style=\"text-align:center;\">\n<div class=\"aio-icon advanced \"  style=\"color:#ffffff;border-style:;border-color:#333333;border-width:1px;width:34px;height:34px;line-height:34px;border-radius:500px;font-size:16px;display:inline-block;\">\n\t<i class=\"icomoon-icomoonfree-16x16-office\"><\/i>\n<\/div><\/div><\/div><\/div><div class=\"aio-ibd-block\"><div class=\"aio-icon-description ult-responsive\"  data-ultimate-target='#Info-box-wrap-7568 .aio-icon-description'  data-responsive-json-new='{\"font-size\":\"desktop:18px;\",\"line-height\":\"desktop:24px;\"}'  style=\"font-family:&#039;Open Sans Condensed&#039;;font-weight:700;\">United States: 2850 Fannin St, Houston, TX 77002<\/div> <!-- description --><\/div> <!-- aio-ibd-block --><\/div> <!-- aio-icon-box --><\/div> <!-- aio-icon-component --><div class=\"aio-icon-component  vc_custom_1753950444282  accent-icon-bg color-title style_1\"><div id=\"Info-box-wrap-4084\" class=\"aio-icon-box left-icon\" style=\"\"  ><div class=\"aio-icon-left\"><div class=\"ult-just-icon-wrapper  \"><div class=\"align-icon\" style=\"text-align:center;\">\n<div class=\"aio-icon advanced \"  style=\"color:#ffffff;border-style:;border-color:#333333;border-width:1px;width:34px;height:34px;line-height:34px;border-radius:500px;font-size:16px;display:inline-block;\">\n\t<i class=\"icomoon-icomoonfree-16x16-office\"><\/i>\n<\/div><\/div><\/div><\/div><div class=\"aio-ibd-block\"><div class=\"aio-icon-description ult-responsive\"  data-ultimate-target='#Info-box-wrap-4084 .aio-icon-description'  data-responsive-json-new='{\"font-size\":\"desktop:18px;\",\"line-height\":\"desktop:24px;\"}'  style=\"font-family:&#039;Open Sans Condensed&#039;;font-weight:700;\">Viet Nam: 47 Hoa Lu St, Lane 4, Hai Ba Trung, Hanoi 100000<\/div> <!-- description --><\/div> <!-- aio-ibd-block --><\/div> <!-- aio-icon-box --><\/div> <!-- aio-icon-component --><div class=\"aio-icon-component  vc_custom_1753950463541  accent-icon-bg color-title style_1\"><div id=\"Info-box-wrap-5973\" class=\"aio-icon-box left-icon\" style=\"\"  ><div class=\"aio-icon-left\"><div class=\"ult-just-icon-wrapper  \"><div class=\"align-icon\" style=\"text-align:center;\">\n<div class=\"aio-icon advanced \"  style=\"color:#ffffff;border-style:;border-color:#333333;border-width:1px;width:34px;height:34px;line-height:34px;border-radius:500px;font-size:16px;display:inline-block;\">\n\t<i class=\"icomoon-icomoonfree-16x16-office\"><\/i>\n<\/div><\/div><\/div><\/div><div class=\"aio-ibd-block\"><div class=\"aio-icon-description ult-responsive\"  data-ultimate-target='#Info-box-wrap-5973 .aio-icon-description'  data-responsive-json-new='{\"font-size\":\"desktop:18px;\",\"line-height\":\"desktop:24px;\"}'  style=\"font-family:&#039;Open Sans Condensed&#039;;font-weight:700;\">United Kingdom: 1 Mann Island, Liverpool L3 1BP<\/div> <!-- description --><\/div> <!-- aio-ibd-block --><\/div> <!-- aio-icon-box --><\/div> <!-- aio-icon-component --><div class=\"aio-icon-component  vc_custom_1639621706867  accent-icon-bg color-title style_1\"><div id=\"Info-box-wrap-9889\" class=\"aio-icon-box left-icon\" style=\"\"  ><div class=\"aio-icon-left\"><div class=\"ult-just-icon-wrapper  \"><div class=\"align-icon\" style=\"text-align:center;\">\n<div class=\"aio-icon advanced \"  style=\"color:#ffffff;border-style:;border-color:#333333;border-width:1px;width:34px;height:34px;line-height:34px;border-radius:500px;font-size:16px;display:inline-block;\">\n\t<i class=\"icomoon-the7-font-the7-mail-011\"><\/i>\n<\/div><\/div><\/div><\/div><div class=\"aio-ibd-block\"><div class=\"aio-icon-description ult-responsive\"  data-ultimate-target='#Info-box-wrap-9889 .aio-icon-description'  data-responsive-json-new='{\"font-size\":\"desktop:18px;\",\"line-height\":\"desktop:24px;\"}'  style=\"font-family:&#039;Open Sans Condensed&#039;;font-weight:700;\"><a style=\"color: #1f365c; text-decoration: none;\" href=\"mailto:contact@amazoker.com\">contact@amazoker.com<\/a><\/div> <!-- description --><\/div> <!-- aio-ibd-block --><\/div> <!-- aio-icon-box --><\/div> <!-- aio-icon-component --><div class=\"aio-icon-component  vc_custom_1753950580800  accent-icon-bg color-title style_1\"><div id=\"Info-box-wrap-7533\" class=\"aio-icon-box left-icon\" style=\"\"  ><div class=\"aio-icon-left\"><div class=\"ult-just-icon-wrapper  \"><div class=\"align-icon\" style=\"text-align:center;\">\n<div class=\"aio-icon advanced \"  style=\"color:#ffffff;border-style:;border-color:#333333;border-width:1px;width:34px;height:34px;line-height:34px;border-radius:500px;font-size:16px;display:inline-block;\">\n\t<i class=\"icomoon-the7-font-the7-phone-05\"><\/i>\n<\/div><\/div><\/div><\/div><div class=\"aio-ibd-block\"><div class=\"aio-icon-description ult-responsive\"  data-ultimate-target='#Info-box-wrap-7533 .aio-icon-description'  data-responsive-json-new='{\"font-size\":\"desktop:18px;\",\"line-height\":\"desktop:24px;\"}'  style=\"font-family:&#039;Open Sans Condensed&#039;;font-weight:700;\"><a style=\"color: #1f365c; text-decoration: none;\" href=\"tel:+15802626126\">+1 580 262 6126<\/a><\/div> <!-- description --><\/div> <!-- aio-ibd-block --><\/div> <!-- aio-icon-box --><\/div> <!-- aio-icon-component --><div class=\"aio-icon-component  vc_custom_1753950561349  accent-icon-bg color-title style_1\"><div id=\"Info-box-wrap-7521\" class=\"aio-icon-box left-icon\" style=\"\"  ><div class=\"aio-icon-left\"><div class=\"ult-just-icon-wrapper  \"><div class=\"align-icon\" style=\"text-align:center;\">\n<div class=\"aio-icon advanced \"  style=\"color:#ffffff;border-style:;border-color:#333333;border-width:1px;width:34px;height:34px;line-height:34px;border-radius:500px;font-size:16px;display:inline-block;\">\n\t<i class=\"icomoon-the7-font-the7-phone-05\"><\/i>\n<\/div><\/div><\/div><\/div><div class=\"aio-ibd-block\"><div class=\"aio-icon-description ult-responsive\"  data-ultimate-target='#Info-box-wrap-7521 .aio-icon-description'  data-responsive-json-new='{\"font-size\":\"desktop:18px;\",\"line-height\":\"desktop:24px;\"}'  style=\"font-family:&#039;Open Sans Condensed&#039;;font-weight:700;\"><a style=\"color: #1f365c; text-decoration: none;\" href=\"tel:+84969925546\">+84 96 992 5546<\/a><\/div> <!-- description --><\/div> <!-- aio-ibd-block --><\/div> <!-- aio-icon-box --><\/div> <!-- aio-icon-component -->[vc_gmaps link=&#8221;#E-8_JTNDaWZyYW1lJTIwc3JjJTNEJTIyaHR0cHMlM0ElMkYlMkZ3d3cuZ29vZ2xlLmNvbSUyRm1hcHMlMkZlbWJlZCUzRnBiJTNEJTIxMW0xOCUyMTFtMTIlMjExbTMlMjExZDM0NjQuMTc3NjYyMTk2NjE4JTIxMmQtOTUuMzc3NzA5NzIzNzU0NSUyMTNkMjkuNzQzNTcxMDMyNzYyMzA4JTIxMm0zJTIxMWYwJTIxMmYwJTIxM2YwJTIxM20yJTIxMWkxMDI0JTIxMmk3NjglMjE0ZjEzLjElMjEzbTMlMjExbTIlMjExczB4ODY0MGJmNmM4MzJlODY0MSUyNTNBMHgyNzA4MjIyZTM5NWQ4YzcxJTIxMnMyODUwJTI1MjBNYWluJTI1MjBTdCUyNTJDJTI1MjBIb3VzdG9uJTI1MkMlMjUyMFRYJTI1MjA3NzAwMiUyNTJDJTI1MjBIb2ElMjUyMEslMjVFMSUyNUJCJTI1QjMlMjE1ZTAlMjEzbTIlMjExc3ZpJTIxMnMlMjE0djE2ODkzMDE1NTU1MTAlMjE1bTIlMjExc3ZpJTIxMnMlMjIlMjB3aWR0aCUzRCUyMjYwMCUyMiUyMGhlaWdodCUzRCUyMjQ1MCUyMiUyMHN0eWxlJTNEJTIyYm9yZGVyJTNBMCUzQiUyMiUyMGFsbG93ZnVsbHNjcmVlbiUzRCUyMiUyMiUyMGxvYWRpbmclM0QlMjJsYXp5JTIyJTIwcmVmZXJyZXJwb2xpY3klM0QlMjJuby1yZWZlcnJlci13aGVuLWRvd25ncmFkZSUyMiUzRSUzQyUyRmlmcmFtZSUzRQ==&#8221;][\/vc_column_inner][\/vc_row_inner][\/vc_column][vc_column offset=&#8221;vc_col-lg-6 vc_col-md-5 vc_col-xs-12&#8243; css=&#8221;.vc_custom_1498572768127{padding-bottom: 50px !important;}&#8221;]\n<div class=\"wpcf7 no-js\" id=\"wpcf7-f5320-o1\" lang=\"vi\" dir=\"ltr\">\n<div class=\"screen-reader-response\"><p role=\"status\" aria-live=\"polite\" aria-atomic=\"true\"><\/p> <ul><\/ul><\/div>\n<form action=\"\/en\/wp-json\/wp\/v2\/pages\/1900#wpcf7-f5320-o1\" method=\"post\" class=\"wpcf7-form init\" aria-label=\"Form li\u00ean h\u1ec7\" novalidate=\"novalidate\" data-status=\"init\">\n<div style=\"display: none;\">\n<input type=\"hidden\" name=\"_wpcf7\" value=\"5320\" \/>\n<input type=\"hidden\" name=\"_wpcf7_version\" value=\"5.8.3\" \/>\n<input type=\"hidden\" name=\"_wpcf7_locale\" value=\"vi\" \/>\n<input type=\"hidden\" name=\"_wpcf7_unit_tag\" value=\"wpcf7-f5320-o1\" \/>\n<input type=\"hidden\" name=\"_wpcf7_container_post\" value=\"0\" \/>\n<input type=\"hidden\" name=\"_wpcf7_posted_data_hash\" value=\"\" \/>\n<\/div>\n<div style=\"display: none\"><p><span class=\"wpcf7-form-control-wrap\" data-name=\"devvn\"><input size=\"40\" class=\"wpcf7-form-control wpcf7-text\" aria-invalid=\"false\" value=\"\" type=\"text\" name=\"devvn\"><\/span><\/p><\/div><div class=\"am-frm\">\n\t<div class=\"am-form\">\n\t\t<div class=\"frm-title\">\n\t\t\t<h2>CONTACT AMAZOKER FOR A FREE CONSULTATION\n\t\t\t<\/h2>\n\t\t<\/div>\n\t\t<div class=\"frm-label\">\n\t\t\t<div class=\"frm-rw frm-rw1\">\n\t\t\t\t<p>Please enter your first and last name*\n\t\t\t\t<\/p>\n\t\t\t\t<div class=\"\">\n\t\t\t\t\t<p><span class=\"wpcf7-form-control-wrap\" data-name=\"frm-name\"><input size=\"40\" class=\"wpcf7-form-control wpcf7-text\" aria-invalid=\"false\" placeholder=\"Your name here\" value=\"\" type=\"text\" name=\"frm-name\" \/><\/span>\n\t\t\t\t\t<\/p>\n\t\t\t\t<\/div>\n\t\t\t<\/div>\n\t\t<\/div>\n\t\t<div class=\"frm-label\">\n\t\t\t<div class=\"frm-rw frm-rw1\">\n\t\t\t\t<p>Email*\n\t\t\t\t<\/p>\n\t\t\t\t<div class=\"\">\n\t\t\t\t\t<p><span class=\"wpcf7-form-control-wrap\" data-name=\"frm-mail\"><input size=\"40\" class=\"wpcf7-form-control wpcf7-text\" aria-invalid=\"false\" placeholder=\"E.g. myemail@email.com\" value=\"\" type=\"text\" name=\"frm-mail\" \/><\/span>\n\t\t\t\t\t<\/p>\n\t\t\t\t<\/div>\n\t\t\t<\/div>\n\t\t<\/div>\n\t\t<div class=\"frm-label\">\n\t\t\t<div class=\"frm-rw frm-rw1\">\n\t\t\t\t<p>Phone number\n\t\t\t\t<\/p>\n\t\t\t\t<div class=\"\">\n\t\t\t\t\t<p><span class=\"wpcf7-form-control-wrap\" data-name=\"frm-phone\"><input size=\"40\" class=\"wpcf7-form-control wpcf7-text\" aria-invalid=\"false\" placeholder=\"E.g. (+1) 541 333 8866\" value=\"\" type=\"text\" name=\"frm-phone\" \/><\/span>\n\t\t\t\t\t<\/p>\n\t\t\t\t<\/div>\n\t\t\t<\/div>\n\t\t<\/div>\n\t\t<div class=\"frm-label\">\n\t\t\t<div class=\"frm-rw frm-rw1\">\n\t\t\t\t<p>Date of notification*\n\t\t\t\t<\/p>\n\t\t\t\t<div class=\"\">\n\t\t\t\t\t<p><span class=\"wpcf7-form-control-wrap\" data-name=\"noti-date\"><input class=\"wpcf7-form-control wpcf7-date wpcf7-validates-as-date\" aria-invalid=\"false\" placeholder=\"MM\/DD\/YY\" value=\"\" type=\"date\" name=\"noti-date\" \/><\/span>\n\t\t\t\t\t<\/p>\n\t\t\t\t<\/div>\n\t\t\t<\/div>\n\t\t<\/div>\n\t\t<div class=\"frm-label\">\n\t\t\t<div class=\"frm-rw frm-rw1\">\n\t\t\t\t<p>Selling platform*\n\t\t\t\t<\/p>\n\t\t\t\t<div class=\"\">\n\t\t\t\t\t<p><span class=\"wpcf7-form-control-wrap\" data-name=\"frm-platform\"><select class=\"wpcf7-form-control wpcf7-select wpcf7-validates-as-required\" aria-required=\"true\" aria-invalid=\"false\" name=\"frm-platform\"><option value=\"Select an option\">Select an option<\/option><option value=\"Amazon\">Amazon<\/option><option value=\"TikTok Shop\">TikTok Shop<\/option><option value=\"eBay\">eBay<\/option><option value=\"Payoneer\">Payoneer<\/option><option value=\"Other\">Other<\/option><\/select><\/span>\n\t\t\t\t\t<\/p>\n\t\t\t\t<\/div>\n\t\t\t<\/div>\n\t\t<\/div>\n\t\t<div class=\"frm-label\">\n\t\t\t<div class=\"frm-rw frm-rw1\">\n\t\t\t\t<p>The service you are looking for *\n\t\t\t\t<\/p>\n\t\t\t\t<div class=\"\">\n\t\t\t\t\t<p><span class=\"wpcf7-form-control-wrap\" data-name=\"frm-service\"><select class=\"wpcf7-form-control wpcf7-select wpcf7-validates-as-required\" aria-required=\"true\" aria-invalid=\"false\" name=\"frm-service\"><option value=\"Select an option\">Select an option<\/option><option value=\"Reinstatement Service\">Reinstatement Service<\/option><option value=\"Ungating Service\">Ungating Service<\/option><option value=\"Comprehensive Trademark Service\">Comprehensive Trademark Service<\/option><option value=\"Business Formation &amp; Maintenance\">Business Formation &amp; Maintenance<\/option><option value=\"Other\">Other<\/option><\/select><\/span>\n\t\t\t\t\t<\/p>\n\t\t\t\t<\/div>\n\t\t\t<\/div>\n\t\t<\/div>\n\t\t<div class=\"frm-label\">\n\t\t\t<div class=\"frm-rw frm-rw1\">\n\t\t\t\t<p>Request Details\n\t\t\t\t<\/p>\n\t\t\t\t<div class=\"frm-note\">\n\t\t\t\t\t<p><span class=\"wpcf7-form-control-wrap\" data-name=\"frm-requests\"><textarea cols=\"40\" rows=\"10\" class=\"wpcf7-form-control wpcf7-textarea\" aria-invalid=\"false\" placeholder=\"Please describe the information you need assistance with.\" name=\"frm-requests\"><\/textarea><\/span>\n\t\t\t\t\t<\/p>\n\t\t\t\t<\/div>\n\t\t\t<\/div>\n\t\t<\/div>\n\t\t<div class=\"frm-label\">\n\t\t\t<div class=\"frm-submit\">\n\t\t\t\t<p><input class=\"wpcf7-form-control wpcf7-submit has-spinner\" type=\"submit\" value=\"Send\" \/>\n\t\t\t\t<\/p>\n\t\t\t<\/div>\n\t\t<\/div>\n\t<\/div>\n<\/div><p style=\"display: none !important;\" class=\"akismet-fields-container\" data-prefix=\"_wpcf7_ak_\"><label>&#916;<textarea name=\"_wpcf7_ak_hp_textarea\" cols=\"45\" rows=\"8\" maxlength=\"100\"><\/textarea><\/label><input type=\"hidden\" id=\"ak_js_1\" name=\"_wpcf7_ak_js\" value=\"249\"\/><script>document.getElementById( \"ak_js_1\" ).setAttribute( \"value\", ( new Date() ).getTime() );<\/script><\/p><div class=\"wpcf7-response-output\" aria-hidden=\"true\"><\/div>\n<\/form>\n<\/div>\n[\/vc_column][\/vc_row][vc_section content_placement=&#8221;middle&#8221; css=&#8221;.vc_custom_1759221576559{background-image: url(https:\/\/amazoker.com\/wp-content\/uploads\/2025\/09\/bn-zalo.jpg?id=5342) !important;}&#8221; el_id=&#8221;cts-ct-zalo&#8221;][vc_row][vc_column width=&#8221;1\/2&#8243;][vc_single_image image=&#8221;5338&#8243; img_size=&#8221;450&#215;534&#8243; alignment=&#8221;center&#8221;][\/vc_column][vc_column width=&#8221;1\/2&#8243;][vc_column_text]Gia nh\u1eadp ngay <strong>c\u1ed9ng \u0111\u1ed3ng Zalo d\u00e0nh ri\u00eang cho Seller Amazon<\/strong> n\u01a1i c\u00f9ng nhau chia s\u1ebb ki\u1ebfn th\u1ee9c b\u00e1n h\u00e0ng v\u00e0 h\u1ed7 tr\u1ee3 x\u1eed l\u00fd s\u1ef1 c\u1ed1 nhanh ch\u00f3ng![\/vc_column_text][\/vc_column][\/vc_row][\/vc_section]<\/p>\n<\/div>","protected":false},"excerpt":{"rendered":"<p>[vc_row type=&#8221;vc_default&#8221; margin_top=&#8221;0&#8243; margin_bottom=&#8221;-35&#8243; css=&#8221;.vc_custom_1498572765023{margin-top: 70px !important;margin-bottom: 20px !important;}&#8221;][vc_column offset=&#8221;vc_col-lg-6 vc_col-md-7 vc_col-xs-12&#8243; css=&#8221;.vc_custom_1498821716836{padding-bottom: 40px !important;}&#8221;][vc_row_inner equal_height=&#8221;yes&#8221; css=&#8221;.vc_custom_1498572805259{padding-right: 15px !important;padding-bottom: 10px !important;padding-left: 15px !important;}&#8221;][vc_column_inner width=&#8221;1\/2&#8243; css=&#8221;.vc_custom_1639364619971{margin-top: 0px !important;margin-right: 0px !important;margin-bottom: 0px !important;margin-left: 0px !important;padding-top: 0px !important;padding-right: 10px !important;padding-bottom: 20px !important;padding-left: 10px !important;}&#8221; offset=&#8221;vc_col-lg-12 vc_col-md-11&#8243;][vc_gmaps link=&#8221;#E-8_JTNDaWZyYW1lJTIwc3JjJTNEJTIyaHR0cHMlM0ElMkYlMkZ3d3cuZ29vZ2xlLmNvbSUyRm1hcHMlMkZlbWJlZCUzRnBiJTNEJTIxMW0xOCUyMTFtMTIlMjExbTMlMjExZDM0NjQuMTc3NjYyMTk2NjE4JTIxMmQtOTUuMzc3NzA5NzIzNzU0NSUyMTNkMjkuNzQzNTcxMDMyNzYyMzA4JTIxMm0zJTIxMWYwJTIxMmYwJTIxM2YwJTIxM20yJTIxMWkxMDI0JTIxMmk3NjglMjE0ZjEzLjElMjEzbTMlMjExbTIlMjExczB4ODY0MGJmNmM4MzJlODY0MSUyNTNBMHgyNzA4MjIyZTM5NWQ4YzcxJTIxMnMyODUwJTI1MjBNYWluJTI1MjBTdCUyNTJDJTI1MjBIb3VzdG9uJTI1MkMlMjUyMFRYJTI1MjA3NzAwMiUyNTJDJTI1MjBIb2ElMjUyMEslMjVFMSUyNUJCJTI1QjMlMjE1ZTAlMjEzbTIlMjExc3ZpJTIxMnMlMjE0djE2ODkzMDE1NTU1MTAlMjE1bTIlMjExc3ZpJTIxMnMlMjIlMjB3aWR0aCUzRCUyMjYwMCUyMiUyMGhlaWdodCUzRCUyMjQ1MCUyMiUyMHN0eWxlJTNEJTIyYm9yZGVyJTNBMCUzQiUyMiUyMGFsbG93ZnVsbHNjcmVlbiUzRCUyMiUyMiUyMGxvYWRpbmclM0QlMjJsYXp5JTIyJTIwcmVmZXJyZXJwb2xpY3klM0QlMjJuby1yZWZlcnJlci13aGVuLWRvd25ncmFkZSUyMiUzRSUzQyUyRmlmcmFtZSUzRQ==&#8221;][\/vc_column_inner][\/vc_row_inner][\/vc_column][vc_column offset=&#8221;vc_col-lg-6 vc_col-md-5 vc_col-xs-12&#8243; css=&#8221;.vc_custom_1498572768127{padding-bottom: 50px !important;}&#8221;][\/vc_column][\/vc_row][vc_section content_placement=&#8221;middle&#8221; css=&#8221;.vc_custom_1759221576559{background-image: url(https:\/\/amazoker.com\/wp-content\/uploads\/2025\/09\/bn-zalo.jpg?id=5342) !important;}&#8221; el_id=&#8221;cts-ct-zalo&#8221;][vc_row][vc_column&hellip;<\/p>\n","protected":false},"author":2,"featured_media":0,"parent":0,"menu_order":600,"comment_status":"closed","ping_status":"closed","template":"","meta":{"footnotes":""},"class_list":["post-1900","page","type-page","status-publish","hentry","description-off"],"yoast_head":"<!-- This site is optimized with the Yoast SEO plugin v21.5 - https:\/\/yoast.com\/wordpress\/plugins\/seo\/ -->\n<title>Contact - Amazoker<\/title>\n<meta name=\"description\" content=\"Please don&#039;t hesitate to contact us for a free consultation with our highly experienced Amazon experts and for the fastest and most timely Amazon appeal services.\" \/>\n<meta name=\"robots\" content=\"index, follow, max-snippet:-1, max-image-preview:large, max-video-preview:-1\" \/>\n<link rel=\"canonical\" href=\"https:\/\/amazoker.com\/en\/contact\/\" \/>\n<meta property=\"og:locale\" content=\"en_US\" \/>\n<meta property=\"og:type\" content=\"article\" \/>\n<meta property=\"og:title\" content=\"Contact - Amazoker\" \/>\n<meta property=\"og:description\" content=\"Please don&#039;t hesitate to contact us for a free consultation with our highly experienced Amazon experts and for the fastest and most timely Amazon appeal services.\" \/>\n<meta property=\"og:url\" content=\"https:\/\/amazoker.com\/en\/contact\/\" \/>\n<meta property=\"og:site_name\" content=\"Amazoker\" \/>\n<meta property=\"article:modified_time\" content=\"2025-09-30T09:59:14+00:00\" \/>\n<meta name=\"twitter:card\" content=\"summary_large_image\" \/>\n<meta name=\"twitter:label1\" content=\"Est. reading time\" \/>\n\t<meta name=\"twitter:data1\" content=\"2 minutes\" \/>\n<script type=\"application\/ld+json\" class=\"yoast-schema-graph\">{\"@context\":\"https:\/\/schema.org\",\"@graph\":[{\"@type\":\"WebPage\",\"@id\":\"https:\/\/amazoker.com\/en\/contact\/\",\"url\":\"https:\/\/amazoker.com\/en\/contact\/\",\"name\":\"Contact - Amazoker\",\"isPartOf\":{\"@id\":\"https:\/\/amazoker.com\/#website\"},\"datePublished\":\"2016-01-29T10:14:33+00:00\",\"dateModified\":\"2025-09-30T09:59:14+00:00\",\"description\":\"Please don't hesitate to contact us for a free consultation with our highly experienced Amazon experts and for the fastest and most timely Amazon appeal services.\",\"breadcrumb\":{\"@id\":\"https:\/\/amazoker.com\/en\/contact\/#breadcrumb\"},\"inLanguage\":\"en-US\",\"potentialAction\":[{\"@type\":\"ReadAction\",\"target\":[\"https:\/\/amazoker.com\/en\/contact\/\"]}]},{\"@type\":\"BreadcrumbList\",\"@id\":\"https:\/\/amazoker.com\/en\/contact\/#breadcrumb\",\"itemListElement\":[{\"@type\":\"ListItem\",\"position\":1,\"name\":\"Home\",\"item\":\"https:\/\/amazoker.com\/en\/\"},{\"@type\":\"ListItem\",\"position\":2,\"name\":\"Contact\"}]},{\"@type\":\"WebSite\",\"@id\":\"https:\/\/amazoker.com\/#website\",\"url\":\"https:\/\/amazoker.com\/\",\"name\":\"Amazoker\",\"description\":\"Amazoker\",\"potentialAction\":[{\"@type\":\"SearchAction\",\"target\":{\"@type\":\"EntryPoint\",\"urlTemplate\":\"https:\/\/amazoker.com\/?s={search_term_string}\"},\"query-input\":\"required name=search_term_string\"}],\"inLanguage\":\"en-US\"}]}<\/script>\n<!-- \/ Yoast SEO plugin. -->","yoast_head_json":{"title":"Contact - Amazoker","description":"Please don't hesitate to contact us for a free consultation with our highly experienced Amazon experts and for the fastest and most timely Amazon appeal services.","robots":{"index":"index","follow":"follow","max-snippet":"max-snippet:-1","max-image-preview":"max-image-preview:large","max-video-preview":"max-video-preview:-1"},"canonical":"https:\/\/amazoker.com\/en\/contact\/","og_locale":"en_US","og_type":"article","og_title":"Contact - Amazoker","og_description":"Please don't hesitate to contact us for a free consultation with our highly experienced Amazon experts and for the fastest and most timely Amazon appeal services.","og_url":"https:\/\/amazoker.com\/en\/contact\/","og_site_name":"Amazoker","article_modified_time":"2025-09-30T09:59:14+00:00","twitter_card":"summary_large_image","twitter_misc":{"Est. reading time":"2 minutes"},"schema":{"@context":"https:\/\/schema.org","@graph":[{"@type":"WebPage","@id":"https:\/\/amazoker.com\/en\/contact\/","url":"https:\/\/amazoker.com\/en\/contact\/","name":"Contact - Amazoker","isPartOf":{"@id":"https:\/\/amazoker.com\/#website"},"datePublished":"2016-01-29T10:14:33+00:00","dateModified":"2025-09-30T09:59:14+00:00","description":"Please don't hesitate to contact us for a free consultation with our highly experienced Amazon experts and for the fastest and most timely Amazon appeal services.","breadcrumb":{"@id":"https:\/\/amazoker.com\/en\/contact\/#breadcrumb"},"inLanguage":"en-US","potentialAction":[{"@type":"ReadAction","target":["https:\/\/amazoker.com\/en\/contact\/"]}]},{"@type":"BreadcrumbList","@id":"https:\/\/amazoker.com\/en\/contact\/#breadcrumb","itemListElement":[{"@type":"ListItem","position":1,"name":"Home","item":"https:\/\/amazoker.com\/en\/"},{"@type":"ListItem","position":2,"name":"Contact"}]},{"@type":"WebSite","@id":"https:\/\/amazoker.com\/#website","url":"https:\/\/amazoker.com\/","name":"Amazoker","description":"Amazoker","potentialAction":[{"@type":"SearchAction","target":{"@type":"EntryPoint","urlTemplate":"https:\/\/amazoker.com\/?s={search_term_string}"},"query-input":"required name=search_term_string"}],"inLanguage":"en-US"}]}},"_links":{"self":[{"href":"https:\/\/amazoker.com\/en\/wp-json\/wp\/v2\/pages\/1900","targetHints":{"allow":["GET"]}}],"collection":[{"href":"https:\/\/amazoker.com\/en\/wp-json\/wp\/v2\/pages"}],"about":[{"href":"https:\/\/amazoker.com\/en\/wp-json\/wp\/v2\/types\/page"}],"author":[{"embeddable":true,"href":"https:\/\/amazoker.com\/en\/wp-json\/wp\/v2\/users\/2"}],"replies":[{"embeddable":true,"href":"https:\/\/amazoker.com\/en\/wp-json\/wp\/v2\/comments?post=1900"}],"version-history":[{"count":17,"href":"https:\/\/amazoker.com\/en\/wp-json\/wp\/v2\/pages\/1900\/revisions"}],"predecessor-version":[{"id":5363,"href":"https:\/\/amazoker.com\/en\/wp-json\/wp\/v2\/pages\/1900\/revisions\/5363"}],"wp:attachment":[{"href":"https:\/\/amazoker.com\/en\/wp-json\/wp\/v2\/media?parent=1900"}],"curies":[{"name":"wp","href":"https:\/\/api.w.org\/{rel}","templated":true}]}}